{"id":46898,"date":"2026-04-13T14:33:47","date_gmt":"2026-04-13T12:33:47","guid":{"rendered":"https:\/\/www.ekonomiforetag.se\/?page_id=46898"},"modified":"2026-04-16T08:28:40","modified_gmt":"2026-04-16T06:28:40","slug":"program","status":"publish","type":"page","link":"https:\/\/www.ekonomiforetag.se\/sv\/program\/","title":{"rendered":"Program"},"content":{"rendered":"\t\t<div data-elementor-type=\"wp-page\" data-elementor-id=\"46898\" class=\"elementor elementor-46898\" data-elementor-post-type=\"page\">\n\t\t\t\t\t\t<section class=\"elementor-section elementor-top-section elementor-element elementor-element-6a04363 elementor-reverse-mobile elementor-section-boxed elementor-section-height-default elementor-section-height-default\" data-id=\"6a04363\" data-element_type=\"section\" data-settings=\"{&quot;background_background&quot;:&quot;gradient&quot;}\">\n\t\t\t\t\t\t\t<div class=\"elementor-background-overlay\"><\/div>\n\t\t\t\t\t\t\t<div class=\"elementor-container elementor-column-gap-default\">\n\t\t\t\t\t<div class=\"elementor-column elementor-col-100 elementor-top-column elementor-element elementor-element-2d28a0f\" data-id=\"2d28a0f\" data-element_type=\"column\">\n\t\t\t<div class=\"elementor-widget-wrap elementor-element-populated\">\n\t\t\t\t\t\t<section class=\"elementor-section elementor-inner-section elementor-element elementor-element-5e6f97d elementor-section-full_width elementor-section-height-default elementor-section-height-default\" data-id=\"5e6f97d\" data-element_type=\"section\">\n\t\t\t\t\t\t<div class=\"elementor-container elementor-column-gap-default\">\n\t\t\t\t\t<div class=\"elementor-column elementor-col-50 elementor-inner-column elementor-element elementor-element-7d77d46\" data-id=\"7d77d46\" data-element_type=\"column\">\n\t\t\t<div class=\"elementor-widget-wrap elementor-element-populated\">\n\t\t\t\t\t\t<div class=\"elementor-element elementor-element-5faf7d0 elementor-widget elementor-widget-heading\" data-id=\"5faf7d0\" data-element_type=\"widget\" data-widget_type=\"heading.default\">\n\t\t\t\t<div class=\"elementor-widget-container\">\n\t\t\t\t\t<h1 class=\"elementor-heading-title elementor-size-default\">Programmet f\u00f6r 2026<\/h1>\t\t\t\t<\/div>\n\t\t\t\t<\/div>\n\t\t\t\t<div class=\"elementor-element elementor-element-77d3828 elementor-widget elementor-widget-heading\" data-id=\"77d3828\" data-element_type=\"widget\" data-widget_type=\"heading.default\">\n\t\t\t\t<div class=\"elementor-widget-container\">\n\t\t\t\t\t<h2 class=\"elementor-heading-title elementor-size-default\">Sl\u00e4pps 18 augusti<\/h2>\t\t\t\t<\/div>\n\t\t\t\t<\/div>\n\t\t\t\t<div class=\"elementor-element elementor-element-8e8baef elementor-widget elementor-widget-text-editor\" data-id=\"8e8baef\" data-element_type=\"widget\" data-widget_type=\"text-editor.default\">\n\t\t\t\t<div class=\"elementor-widget-container\">\n\t\t\t\t\t\t\t\t\t<p>Snart sl\u00e4pper vi \u00e5rets program f\u00f6r Ekonomi &amp; F\u00f6retag. D\u00e5 kan du ta del av hela inneh\u00e5llet \u2013 fullsp\u00e4ckat med aktuella f\u00f6rel\u00e4sningar, experter och praktiska pass som hj\u00e4lper dig att driva ett h\u00e5llbart och l\u00f6nsamt f\u00f6retagande.<\/p>\t\t\t\t\t\t\t\t<\/div>\n\t\t\t\t<\/div>\n\t\t\t\t<div class=\"elementor-element elementor-element-814bbd3 elementor-widget-divider--view-line elementor-widget elementor-widget-divider\" data-id=\"814bbd3\" data-element_type=\"widget\" data-widget_type=\"divider.default\">\n\t\t\t\t<div class=\"elementor-widget-container\">\n\t\t\t\t\t\t\t<div class=\"elementor-divider\">\n\t\t\t<span class=\"elementor-divider-separator\">\n\t\t\t\t\t\t<\/span>\n\t\t<\/div>\n\t\t\t\t\t\t<\/div>\n\t\t\t\t<\/div>\n\t\t\t\t<div class=\"elementor-element elementor-element-46de59e elementor-widget elementor-widget-heading\" data-id=\"46de59e\" data-element_type=\"widget\" data-widget_type=\"heading.default\">\n\t\t\t\t<div class=\"elementor-widget-container\">\n\t\t\t\t\t<h2 class=\"elementor-heading-title elementor-size-default\">P\u00e5 \u00e5rets Ekonomi &amp; F\u00f6retag f\u00e5r du lyssna till ledande experter inom:<\/h2>\t\t\t\t<\/div>\n\t\t\t\t<\/div>\n\t\t\t\t<div class=\"elementor-element elementor-element-63d5242 elementor--h-position-left elementor--v-position-middle elementor-widget elementor-widget-slides\" data-id=\"63d5242\" data-element_type=\"widget\" data-settings=\"{&quot;navigation&quot;:&quot;none&quot;,&quot;autoplay&quot;:&quot;yes&quot;,&quot;pause_on_hover&quot;:&quot;yes&quot;,&quot;pause_on_interaction&quot;:&quot;yes&quot;,&quot;autoplay_speed&quot;:5000,&quot;infinite&quot;:&quot;yes&quot;,&quot;transition&quot;:&quot;slide&quot;,&quot;transition_speed&quot;:500}\" data-widget_type=\"slides.default\">\n\t\t\t\t<div class=\"elementor-widget-container\">\n\t\t\t\t\t\t\t\t\t<div class=\"elementor-swiper\">\n\t\t\t\t\t<div class=\"elementor-slides-wrapper elementor-main-swiper swiper\" role=\"region\" aria-roledescription=\"carousel\" aria-label=\"Slides\" dir=\"ltr\" data-animation=\"fadeInRight\">\n\t\t\t\t<div class=\"swiper-wrapper elementor-slides\">\n\t\t\t\t\t\t\t\t\t\t<div class=\"elementor-repeater-item-1d375d4 swiper-slide\" role=\"group\" aria-roledescription=\"slide\"><div class=\"swiper-slide-bg\"><\/div><div class=\"swiper-slide-inner\" ><div class=\"swiper-slide-contents\"><div class=\"elementor-slide-heading\">V\u00e4rldsl\u00e4get och svensk ekonomi<\/div><\/div><\/div><\/div><div class=\"elementor-repeater-item-72acf80 swiper-slide\" role=\"group\" aria-roledescription=\"slide\"><div class=\"swiper-slide-bg\"><\/div><div class=\"swiper-slide-inner\" ><div class=\"swiper-slide-contents\"><div class=\"elementor-slide-heading\">L\u00f6n, skatt och moms<\/div><\/div><\/div><\/div><div class=\"elementor-repeater-item-34eb63d swiper-slide\" role=\"group\" aria-roledescription=\"slide\"><div class=\"swiper-slide-bg\"><\/div><div class=\"swiper-slide-inner\" ><div class=\"swiper-slide-contents\"><div class=\"elementor-slide-heading\">AI och digitalisering<\/div><\/div><\/div><\/div><div class=\"elementor-repeater-item-b75510f swiper-slide\" role=\"group\" aria-roledescription=\"slide\"><div class=\"swiper-slide-bg\"><\/div><div class=\"swiper-slide-inner\" ><div class=\"swiper-slide-contents\"><div class=\"elementor-slide-heading\">Penningtv\u00e4tt, regelefterlevnad och risk<\/div><\/div><\/div><\/div><div class=\"elementor-repeater-item-c34166f swiper-slide\" role=\"group\" aria-roledescription=\"slide\"><div class=\"swiper-slide-bg\"><\/div><div class=\"swiper-slide-inner\" ><div class=\"swiper-slide-contents\"><div class=\"elementor-slide-heading\">H\u00e5llbart f\u00f6retagande och framtidens aff\u00e4rsmodeller<\/div><\/div><\/div><\/div>\t\t\t\t<\/div>\n\t\t\t\t\t\t\t\t\t\t\t\t\t\t\t\t\t\t\t\t\t<\/div>\n\t\t\t\t<\/div>\n\t\t\t\t\t\t\t\t<\/div>\n\t\t\t\t<\/div>\n\t\t\t\t<div class=\"elementor-element elementor-element-e454847 elementor-widget elementor-widget-text-editor\" data-id=\"e454847\" data-element_type=\"widget\" data-widget_type=\"text-editor.default\">\n\t\t\t\t<div class=\"elementor-widget-container\">\n\t\t\t\t\t\t\t\t\t<p>\u2026och mycket mer av allt du beh\u00f6ver f\u00f6r att fatta r\u00e4tt beslut i vardagen. Registrera dig kostnadsfritt idag s\u00e5 ses vi 23-24 september p\u00e5 Kistam\u00e4ssan!<\/p>\t\t\t\t\t\t\t\t<\/div>\n\t\t\t\t<\/div>\n\t\t\t\t<div class=\"elementor-element elementor-element-d713e29 elementor-align-left elementor-mobile-align-left elementor-widget elementor-widget-dynamic-button\" data-id=\"d713e29\" data-element_type=\"widget\" data-widget_type=\"dynamic-button.default\">\n\t\t\t\t<div class=\"elementor-widget-container\">\n\t\t\t\t\t        <div class=\"elementor-button-wrapper\">\n            <a href=\"https:\/\/register.visitcloud.com\/survey\/37l14eks7rb94\" target=\"_blank\" class=\"elementor-button-link elementor-button elementor-size-sm elementor-animation-grow\" role=\"button\">\n                        <span class=\"elementor-button-content-wrapper\">\n\t\t\t\t\t\t<span class=\"elementor-button-text\">Registrera dig gratis<\/span>\n\t\t<\/span>\n                    <\/a>\n        <\/div>\n        \t\t\t\t<\/div>\n\t\t\t\t<\/div>\n\t\t\t\t\t<\/div>\n\t\t<\/div>\n\t\t\t\t<div class=\"elementor-column elementor-col-50 elementor-inner-column elementor-element elementor-element-f7de5a9\" data-id=\"f7de5a9\" data-element_type=\"column\">\n\t\t\t<div class=\"elementor-widget-wrap\">\n\t\t\t\t\t\t\t<\/div>\n\t\t<\/div>\n\t\t\t\t\t<\/div>\n\t\t<\/section>\n\t\t\t\t\t<\/div>\n\t\t<\/div>\n\t\t\t\t\t<\/div>\n\t\t<\/section>\n\t\t\t\t<\/div>\n\t\t","protected":false},"excerpt":{"rendered":"<p>Programmet f\u00f6r 2026 Sl\u00e4pps 18 augusti Snart sl\u00e4pper vi \u00e5rets program f\u00f6r Ekonomi &amp; F\u00f6retag. D\u00e5 kan du ta del av hela inneh\u00e5llet \u2013 fullsp\u00e4ckat med aktuella f\u00f6rel\u00e4sningar, experter och praktiska pass som hj\u00e4lper dig att driva ett h\u00e5llbart och l\u00f6nsamt f\u00f6retagande. P\u00e5 \u00e5rets Ekonomi &amp; F\u00f6retag f\u00e5r du lyssna till ledande experter inom: V\u00e4rldsl\u00e4get [&hellip;]<\/p>\n","protected":false},"author":1294,"featured_media":0,"parent":0,"menu_order":0,"comment_status":"closed","ping_status":"closed","template":"elementor_header_footer","meta":{"_seopress_robots_primary_cat":"","_seopress_titles_title":"Program | Ekonomi & F\u00f6retag","_seopress_titles_desc":"Snart sl\u00e4pper vi \u00e5rets program f\u00f6r Ekonomi & F\u00f6retag. Den 18 augusti kan du ta del av hela inneh\u00e5llet!","_seopress_robots_index":"","footnotes":""},"class_list":["post-46898","page","type-page","status-publish","hentry"],"_links":{"self":[{"href":"https:\/\/www.ekonomiforetag.se\/sv\/wp-json\/wp\/v2\/pages\/46898","targetHints":{"allow":["GET"]}}],"collection":[{"href":"https:\/\/www.ekonomiforetag.se\/sv\/wp-json\/wp\/v2\/pages"}],"about":[{"href":"https:\/\/www.ekonomiforetag.se\/sv\/wp-json\/wp\/v2\/types\/page"}],"author":[{"embeddable":true,"href":"https:\/\/www.ekonomiforetag.se\/sv\/wp-json\/wp\/v2\/users\/1294"}],"replies":[{"embeddable":true,"href":"https:\/\/www.ekonomiforetag.se\/sv\/wp-json\/wp\/v2\/comments?post=46898"}],"version-history":[{"count":5,"href":"https:\/\/www.ekonomiforetag.se\/sv\/wp-json\/wp\/v2\/pages\/46898\/revisions"}],"predecessor-version":[{"id":46998,"href":"https:\/\/www.ekonomiforetag.se\/sv\/wp-json\/wp\/v2\/pages\/46898\/revisions\/46998"}],"wp:attachment":[{"href":"https:\/\/www.ekonomiforetag.se\/sv\/wp-json\/wp\/v2\/media?parent=46898"}],"curies":[{"name":"wp","href":"https:\/\/api.w.org\/{rel}","templated":true}]}}