{"id":172,"date":"2019-10-16T14:25:41","date_gmt":"2019-10-16T12:25:41","guid":{"rendered":"https:\/\/www.ekonomiforetag.se\/?page_id=172"},"modified":"2025-03-20T11:00:18","modified_gmt":"2025-03-20T10:00:18","slug":"blogg","status":"publish","type":"page","link":"https:\/\/www.ekonomiforetag.se\/sv\/blogg\/","title":{"rendered":"Blogg"},"content":{"rendered":"\t\t<div data-elementor-type=\"wp-post\" data-elementor-id=\"172\" class=\"elementor elementor-172\" data-elementor-post-type=\"page\">\n\t\t\t\t\t\t<section class=\"elementor-section elementor-top-section elementor-element elementor-element-20a2a8b elementor-section-boxed elementor-section-height-default elementor-section-height-default\" data-id=\"20a2a8b\" data-element_type=\"section\">\n\t\t\t\t\t\t<div class=\"elementor-container elementor-column-gap-default\">\n\t\t\t\t\t<div class=\"elementor-column elementor-col-100 elementor-top-column elementor-element elementor-element-f2b4912\" data-id=\"f2b4912\" data-element_type=\"column\">\n\t\t\t<div class=\"elementor-widget-wrap elementor-element-populated\">\n\t\t\t\t\t\t<div class=\"elementor-element elementor-element-4962373 elementor-grid-3 elementor-grid-tablet-2 elementor-grid-mobile-1 elementor-posts--thumbnail-header elementor-card-shadow-yes elementor-posts__hover-gradient elementor-widget elementor-widget-posts\" data-id=\"4962373\" data-element_type=\"widget\" data-settings=\"{&quot;cards_wex_row_gap&quot;:{&quot;unit&quot;:&quot;px&quot;,&quot;size&quot;:&quot;25&quot;,&quot;sizes&quot;:[]},&quot;pagination_type&quot;:&quot;numbers_and_prev_next&quot;,&quot;cards_wex_columns&quot;:&quot;3&quot;,&quot;cards_wex_columns_tablet&quot;:&quot;2&quot;,&quot;cards_wex_columns_mobile&quot;:&quot;1&quot;,&quot;cards_wex_row_gap_tablet&quot;:{&quot;unit&quot;:&quot;px&quot;,&quot;size&quot;:&quot;&quot;,&quot;sizes&quot;:[]},&quot;cards_wex_row_gap_mobile&quot;:{&quot;unit&quot;:&quot;px&quot;,&quot;size&quot;:&quot;&quot;,&quot;sizes&quot;:[]}}\" data-widget_type=\"posts.cards_wex\">\n\t\t\t\t<div class=\"elementor-widget-container\">\n\t\t\t\t\t\t\t<div class=\"elementor-posts-container elementor-posts elementor-posts--skin-cards elementor-grid\" role=\"list\">\n\t\t\t\t<article class=\"elementor-post elementor-grid-item post-46852 post type-post status-publish format-standard has-post-thumbnail hentry category-foretagande category-tips\" role=\"listitem\">\n\t\t\t<div class=\"elementor-post__card\">\n\t\t        <a class=\"elementor-post__thumbnail__link\" href=\"https:\/\/www.ekonomiforetag.se\/sv\/2026\/03\/15\/elementor-46852\/\">\n            <div class=\"elementor-post__thumbnail\"><img fetchpriority=\"high\" decoding=\"async\" width=\"800\" height=\"450\" src=\"https:\/\/easyfairsassets.com\/sites\/120\/2026\/03\/Philip-Otter-1024x576.png\" class=\"attachment-large size-large wp-image-46859\" alt=\"Philip Otter\" srcset=\"https:\/\/easyfairsassets.com\/sites\/120\/2026\/03\/Philip-Otter-1024x576.png 1024w, https:\/\/easyfairsassets.com\/sites\/120\/2026\/03\/Philip-Otter-300x169.png 300w, https:\/\/easyfairsassets.com\/sites\/120\/2026\/03\/Philip-Otter-768x432.png 768w, https:\/\/easyfairsassets.com\/sites\/120\/2026\/03\/Philip-Otter-1536x864.png 1536w, https:\/\/easyfairsassets.com\/sites\/120\/2026\/03\/Philip-Otter.png 1920w\" sizes=\"(max-width: 800px) 100vw, 800px\" \/><\/div>\n        <\/a>\n         <div data-type=\"post\" data-id=\"46852\" data-nonce=\"732551328d\" class=\"elementor-post__badge btn_feedback easyfairs_like post notsaved left\" tabindex=\"46852\" ><i class=\"fa fa-heart\" aria-hidden=\"true\"><\/i><\/div>\t\t<div class=\"elementor-post__text\">\n\t\t\t\t<h3 class=\"elementor-post__title\">\n\t\t\t<a href=\"https:\/\/www.ekonomiforetag.se\/sv\/2026\/03\/15\/elementor-46852\/\" >\n\t\t\t\tD\u00e4rf\u00f6r \u00e4r digital f\u00f6rs\u00e4ljning avg\u00f6rande f\u00f6r att st\u00e4nga fler aff\u00e4rer\t\t\t<\/a>\n\t\t<\/h3>\n\t\t        <a href=\"https:\/\/www.ekonomiforetag.se\/sv\/2026\/03\/15\/elementor-46852\/\" class=\"elementor-post__excerpt\">\n            <p>D\u00e4rf\u00f6r \u00e4r digital f\u00f6rs\u00e4ljning avg\u00f6rande f\u00f6r att st\u00e4nga fler aff\u00e4rer N\u00e4r jag b\u00f6rjade arbeta med f\u00f6rs\u00e4ljning var logiken enkel. Telefonen var det viktigaste verktyget och<\/p>\n        <\/a>\n        \n\t\t<a class=\"elementor-post__read-more\" href=\"https:\/\/www.ekonomiforetag.se\/sv\/2026\/03\/15\/elementor-46852\/\" aria-label=\"Read more about D\u00e4rf\u00f6r \u00e4r digital f\u00f6rs\u00e4ljning avg\u00f6rande f\u00f6r att st\u00e4nga fler aff\u00e4rer\" tabindex=\"-1\" >\n\t\t\tL\u00e4s mer \u00bb\t\t<\/a>\n\n\t\t        <div class=\"elementor-post__meta-data\">\n            \t\t<span class=\"elementor-post-date\">\n\t\t\tmars 15, 2026\t\t<\/span>\n\t\t        <\/div>\n        \t\t<\/div>\n\t\t\t\t\t<\/div>\n\t\t<\/article>\n\t\t\t\t<article class=\"elementor-post elementor-grid-item post-46748 post type-post status-publish format-standard has-post-thumbnail hentry category-ekonomi category-foretagande category-tips\" role=\"listitem\">\n\t\t\t<div class=\"elementor-post__card\">\n\t\t        <a class=\"elementor-post__thumbnail__link\" href=\"https:\/\/www.ekonomiforetag.se\/sv\/2026\/03\/12\/2026-ar-aret-da-ekonomi-blir-en-konkurrensfordel-och-jag-marker-det-varje-dag\/\">\n            <div class=\"elementor-post__thumbnail\"><img decoding=\"async\" width=\"800\" height=\"450\" src=\"https:\/\/easyfairsassets.com\/sites\/120\/2026\/02\/Helena-Ljung-AB-blogg-1024x576.jpg\" class=\"attachment-large size-large wp-image-46753\" alt=\"Helena Ljung Advisory Board-medlem 2026\" srcset=\"https:\/\/easyfairsassets.com\/sites\/120\/2026\/02\/Helena-Ljung-AB-blogg-1024x576.jpg 1024w, https:\/\/easyfairsassets.com\/sites\/120\/2026\/02\/Helena-Ljung-AB-blogg-300x169.jpg 300w, https:\/\/easyfairsassets.com\/sites\/120\/2026\/02\/Helena-Ljung-AB-blogg-768x432.jpg 768w, https:\/\/easyfairsassets.com\/sites\/120\/2026\/02\/Helena-Ljung-AB-blogg-1536x864.jpg 1536w, https:\/\/easyfairsassets.com\/sites\/120\/2026\/02\/Helena-Ljung-AB-blogg.jpg 1920w\" sizes=\"(max-width: 800px) 100vw, 800px\" \/><\/div>\n        <\/a>\n         <div data-type=\"post\" data-id=\"46748\" data-nonce=\"a7840d6cff\" class=\"elementor-post__badge btn_feedback easyfairs_like post notsaved left\" tabindex=\"46748\" ><i class=\"fa fa-heart\" aria-hidden=\"true\"><\/i><\/div>\t\t<div class=\"elementor-post__text\">\n\t\t\t\t<h3 class=\"elementor-post__title\">\n\t\t\t<a href=\"https:\/\/www.ekonomiforetag.se\/sv\/2026\/03\/12\/2026-ar-aret-da-ekonomi-blir-en-konkurrensfordel-och-jag-marker-det-varje-dag\/\" >\n\t\t\t\t2026 \u00e4r \u00e5ret d\u00e5 ekonomi blir en konkurrensf\u00f6rdel och jag m\u00e4rker det varje dag\t\t\t<\/a>\n\t\t<\/h3>\n\t\t        <a href=\"https:\/\/www.ekonomiforetag.se\/sv\/2026\/03\/12\/2026-ar-aret-da-ekonomi-blir-en-konkurrensfordel-och-jag-marker-det-varje-dag\/\" class=\"elementor-post__excerpt\">\n            <p>I mitt dagliga arbete pratar jag med f\u00f6retag i m\u00e5nga olika branscher. Stora bolag, mindre bolag, industri, handel, tj\u00e4nstesektorn men oavsett sammanhang \u00e5terkommer samma k\u00e4nsla i samtalen just nu.<\/p>\n        <\/a>\n        \n\t\t<a class=\"elementor-post__read-more\" href=\"https:\/\/www.ekonomiforetag.se\/sv\/2026\/03\/12\/2026-ar-aret-da-ekonomi-blir-en-konkurrensfordel-och-jag-marker-det-varje-dag\/\" aria-label=\"Read more about 2026 \u00e4r \u00e5ret d\u00e5 ekonomi blir en konkurrensf\u00f6rdel och jag m\u00e4rker det varje dag\" tabindex=\"-1\" >\n\t\t\tL\u00e4s mer \u00bb\t\t<\/a>\n\n\t\t        <div class=\"elementor-post__meta-data\">\n            \t\t<span class=\"elementor-post-date\">\n\t\t\tmars 12, 2026\t\t<\/span>\n\t\t        <\/div>\n        \t\t<\/div>\n\t\t\t\t\t<\/div>\n\t\t<\/article>\n\t\t\t\t<article class=\"elementor-post elementor-grid-item post-46784 post type-post status-publish format-standard has-post-thumbnail hentry category-ekonomi category-foretagande category-tips\" role=\"listitem\">\n\t\t\t<div class=\"elementor-post__card\">\n\t\t        <a class=\"elementor-post__thumbnail__link\" href=\"https:\/\/www.ekonomiforetag.se\/sv\/2026\/02\/27\/ta-kontroll-over-dina-obetalda-fakturor\/\">\n            <div class=\"elementor-post__thumbnail\"><img decoding=\"async\" width=\"800\" height=\"450\" src=\"https:\/\/easyfairsassets.com\/sites\/120\/2026\/02\/Alexander-Gleerup-AB-blogg-1024x576.jpg\" class=\"attachment-large size-large wp-image-46749\" alt=\"Alexander Gleerup Advisory Board-medlem 2026\" srcset=\"https:\/\/easyfairsassets.com\/sites\/120\/2026\/02\/Alexander-Gleerup-AB-blogg-1024x576.jpg 1024w, https:\/\/easyfairsassets.com\/sites\/120\/2026\/02\/Alexander-Gleerup-AB-blogg-300x169.jpg 300w, https:\/\/easyfairsassets.com\/sites\/120\/2026\/02\/Alexander-Gleerup-AB-blogg-768x432.jpg 768w, https:\/\/easyfairsassets.com\/sites\/120\/2026\/02\/Alexander-Gleerup-AB-blogg-1536x864.jpg 1536w, https:\/\/easyfairsassets.com\/sites\/120\/2026\/02\/Alexander-Gleerup-AB-blogg.jpg 1920w\" sizes=\"(max-width: 800px) 100vw, 800px\" \/><\/div>\n        <\/a>\n         <div data-type=\"post\" data-id=\"46784\" data-nonce=\"9acb1ffe9f\" class=\"elementor-post__badge btn_feedback easyfairs_like post notsaved left\" tabindex=\"46784\" ><i class=\"fa fa-heart\" aria-hidden=\"true\"><\/i><\/div>\t\t<div class=\"elementor-post__text\">\n\t\t\t\t<h3 class=\"elementor-post__title\">\n\t\t\t<a href=\"https:\/\/www.ekonomiforetag.se\/sv\/2026\/02\/27\/ta-kontroll-over-dina-obetalda-fakturor\/\" >\n\t\t\t\tTa kontroll \u00f6ver dina obetalda fakturor\t\t\t<\/a>\n\t\t<\/h3>\n\t\t        <a href=\"https:\/\/www.ekonomiforetag.se\/sv\/2026\/02\/27\/ta-kontroll-over-dina-obetalda-fakturor\/\" class=\"elementor-post__excerpt\">\n            <p>F\u00f6r m\u00e5nga f\u00f6retag \u00e4r f\u00f6rs\u00e4ljning i fokus, men det \u00e4r f\u00f6rst n\u00e4r pengarna finns p\u00e5 kontot som aff\u00e4ren \u00e4r fullbordad.<\/p>\n        <\/a>\n        \n\t\t<a class=\"elementor-post__read-more\" href=\"https:\/\/www.ekonomiforetag.se\/sv\/2026\/02\/27\/ta-kontroll-over-dina-obetalda-fakturor\/\" aria-label=\"Read more about Ta kontroll \u00f6ver dina obetalda fakturor\" tabindex=\"-1\" >\n\t\t\tL\u00e4s mer \u00bb\t\t<\/a>\n\n\t\t        <div class=\"elementor-post__meta-data\">\n            \t\t<span class=\"elementor-post-date\">\n\t\t\tfebruari 27, 2026\t\t<\/span>\n\t\t        <\/div>\n        \t\t<\/div>\n\t\t\t\t\t<\/div>\n\t\t<\/article>\n\t\t\t\t<article class=\"elementor-post elementor-grid-item post-46708 post type-post status-publish format-standard has-post-thumbnail hentry category-ekonomi category-foretagande category-tips\" role=\"listitem\">\n\t\t\t<div class=\"elementor-post__card\">\n\t\t        <a class=\"elementor-post__thumbnail__link\" href=\"https:\/\/www.ekonomiforetag.se\/sv\/2026\/02\/26\/sveriges-tillvaxt-kraver-mer-an-ai-chattar\/\">\n            <div class=\"elementor-post__thumbnail\"><img loading=\"lazy\" decoding=\"async\" width=\"800\" height=\"419\" src=\"https:\/\/easyfairsassets.com\/sites\/120\/2026\/02\/Lerry.ai-inlagg-contentmejl-1024x536.png\" class=\"attachment-large size-large wp-image-46657\" alt=\"Mikael Lindblom, vd, Lerry.ai\" srcset=\"https:\/\/easyfairsassets.com\/sites\/120\/2026\/02\/Lerry.ai-inlagg-contentmejl-1024x536.png 1024w, https:\/\/easyfairsassets.com\/sites\/120\/2026\/02\/Lerry.ai-inlagg-contentmejl-300x157.png 300w, https:\/\/easyfairsassets.com\/sites\/120\/2026\/02\/Lerry.ai-inlagg-contentmejl-768x402.png 768w, https:\/\/easyfairsassets.com\/sites\/120\/2026\/02\/Lerry.ai-inlagg-contentmejl.png 1200w\" sizes=\"(max-width: 800px) 100vw, 800px\" \/><\/div>\n        <\/a>\n         <div data-type=\"post\" data-id=\"46708\" data-nonce=\"d8278f62da\" class=\"elementor-post__badge btn_feedback easyfairs_like post notsaved left\" tabindex=\"46708\" ><i class=\"fa fa-heart\" aria-hidden=\"true\"><\/i><\/div>\t\t<div class=\"elementor-post__text\">\n\t\t\t\t<h3 class=\"elementor-post__title\">\n\t\t\t<a href=\"https:\/\/www.ekonomiforetag.se\/sv\/2026\/02\/26\/sveriges-tillvaxt-kraver-mer-an-ai-chattar\/\" >\n\t\t\t\tSveriges tillv\u00e4xt kr\u00e4ver mer \u00e4n AI-chattar\t\t\t<\/a>\n\t\t<\/h3>\n\t\t        <a href=\"https:\/\/www.ekonomiforetag.se\/sv\/2026\/02\/26\/sveriges-tillvaxt-kraver-mer-an-ai-chattar\/\" class=\"elementor-post__excerpt\">\n            <p>AI-utvecklingen g\u00e5r snabbare \u00e4n n\u00e5gon kunde f\u00f6rutse. Det som f\u00f6r bara n\u00e5gra m\u00e5nader sedan upplevdes som tekniskt om\u00f6jligt \u00e4r idag fullt genomf\u00f6rbart.<\/p>\n        <\/a>\n        \n\t\t<a class=\"elementor-post__read-more\" href=\"https:\/\/www.ekonomiforetag.se\/sv\/2026\/02\/26\/sveriges-tillvaxt-kraver-mer-an-ai-chattar\/\" aria-label=\"Read more about Sveriges tillv\u00e4xt kr\u00e4ver mer \u00e4n AI-chattar\" tabindex=\"-1\" >\n\t\t\tL\u00e4s mer \u00bb\t\t<\/a>\n\n\t\t        <div class=\"elementor-post__meta-data\">\n            \t\t<span class=\"elementor-post-date\">\n\t\t\tfebruari 26, 2026\t\t<\/span>\n\t\t        <\/div>\n        \t\t<\/div>\n\t\t\t\t\t<\/div>\n\t\t<\/article>\n\t\t\t\t<article class=\"elementor-post elementor-grid-item post-42983 post type-post status-publish format-standard has-post-thumbnail hentry category-ekonomi category-foretagande category-tips\" role=\"listitem\">\n\t\t\t<div class=\"elementor-post__card\">\n\t\t        <a class=\"elementor-post__thumbnail__link\" href=\"https:\/\/www.ekonomiforetag.se\/sv\/2025\/06\/26\/next-stop-finance-2030\/\">\n            <div class=\"elementor-post__thumbnail\"><img loading=\"lazy\" decoding=\"async\" width=\"800\" height=\"450\" src=\"https:\/\/easyfairsassets.com\/sites\/120\/2025\/06\/v26_Ekonompodden-1024x576.jpg\" class=\"attachment-large size-large wp-image-42986\" alt=\"Martin M Eriksson och Christoffer Mattsson fr\u00e5n Ekonompodden\" srcset=\"https:\/\/easyfairsassets.com\/sites\/120\/2025\/06\/v26_Ekonompodden-1024x576.jpg 1024w, https:\/\/easyfairsassets.com\/sites\/120\/2025\/06\/v26_Ekonompodden-300x169.jpg 300w, https:\/\/easyfairsassets.com\/sites\/120\/2025\/06\/v26_Ekonompodden-768x432.jpg 768w, https:\/\/easyfairsassets.com\/sites\/120\/2025\/06\/v26_Ekonompodden-1536x864.jpg 1536w, https:\/\/easyfairsassets.com\/sites\/120\/2025\/06\/v26_Ekonompodden.jpg 1920w\" sizes=\"(max-width: 800px) 100vw, 800px\" \/><\/div>\n        <\/a>\n         <div data-type=\"post\" data-id=\"42983\" data-nonce=\"96f4098418\" class=\"elementor-post__badge btn_feedback easyfairs_like post notsaved left\" tabindex=\"42983\" ><i class=\"fa fa-heart\" aria-hidden=\"true\"><\/i><\/div>\t\t<div class=\"elementor-post__text\">\n\t\t\t\t<h3 class=\"elementor-post__title\">\n\t\t\t<a href=\"https:\/\/www.ekonomiforetag.se\/sv\/2025\/06\/26\/next-stop-finance-2030\/\" >\n\t\t\t\tNext Stop \u2013 Finance 2030\t\t\t<\/a>\n\t\t<\/h3>\n\t\t        <a href=\"https:\/\/www.ekonomiforetag.se\/sv\/2025\/06\/26\/next-stop-finance-2030\/\" class=\"elementor-post__excerpt\">\n            <p>Next Stop \u2013 Finance 2030 Ny teknik. Nya krav. Nya m\u00f6jligheter f\u00f6r dig som leder i finans. N\u00e5got h\u00e5ller p\u00e5 att f\u00f6r\u00e4ndras i finansv\u00e4rlden. AI<\/p>\n        <\/a>\n        \n\t\t<a class=\"elementor-post__read-more\" href=\"https:\/\/www.ekonomiforetag.se\/sv\/2025\/06\/26\/next-stop-finance-2030\/\" aria-label=\"Read more about Next Stop \u2013 Finance 2030\" tabindex=\"-1\" >\n\t\t\tL\u00e4s mer \u00bb\t\t<\/a>\n\n\t\t        <div class=\"elementor-post__meta-data\">\n            \t\t<span class=\"elementor-post-date\">\n\t\t\tjuni 26, 2025\t\t<\/span>\n\t\t        <\/div>\n        \t\t<\/div>\n\t\t\t\t\t<\/div>\n\t\t<\/article>\n\t\t\t\t<article class=\"elementor-post elementor-grid-item post-41093 post type-post status-publish format-standard has-post-thumbnail hentry category-ekonomi category-foretagande category-tips\" role=\"listitem\">\n\t\t\t<div class=\"elementor-post__card\">\n\t\t        <a class=\"elementor-post__thumbnail__link\" href=\"https:\/\/www.ekonomiforetag.se\/sv\/2025\/05\/12\/massan-ar-en-temperaturmatare-pa-branschens-puls\/\">\n            <div class=\"elementor-post__thumbnail\"><img loading=\"lazy\" decoding=\"async\" width=\"800\" height=\"450\" src=\"https:\/\/easyfairsassets.com\/sites\/120\/2025\/05\/Wolters-Kluwer-2-1024x576.png\" class=\"attachment-large size-large wp-image-41406\" alt=\"Wolters Kluwer\" srcset=\"https:\/\/easyfairsassets.com\/sites\/120\/2025\/05\/Wolters-Kluwer-2-1024x576.png 1024w, https:\/\/easyfairsassets.com\/sites\/120\/2025\/05\/Wolters-Kluwer-2-300x169.png 300w, https:\/\/easyfairsassets.com\/sites\/120\/2025\/05\/Wolters-Kluwer-2-768x432.png 768w, https:\/\/easyfairsassets.com\/sites\/120\/2025\/05\/Wolters-Kluwer-2-1536x864.png 1536w, https:\/\/easyfairsassets.com\/sites\/120\/2025\/05\/Wolters-Kluwer-2.png 1920w\" sizes=\"(max-width: 800px) 100vw, 800px\" \/><\/div>\n        <\/a>\n         <div data-type=\"post\" data-id=\"41093\" data-nonce=\"2050110a12\" class=\"elementor-post__badge btn_feedback easyfairs_like post notsaved left\" tabindex=\"41093\" ><i class=\"fa fa-heart\" aria-hidden=\"true\"><\/i><\/div>\t\t<div class=\"elementor-post__text\">\n\t\t\t\t<h3 class=\"elementor-post__title\">\n\t\t\t<a href=\"https:\/\/www.ekonomiforetag.se\/sv\/2025\/05\/12\/massan-ar-en-temperaturmatare-pa-branschens-puls\/\" >\n\t\t\t\t&#8221;M\u00e4ssan \u00e4r en temperaturm\u00e4tare p\u00e5 branschens puls&#8221;\t\t\t<\/a>\n\t\t<\/h3>\n\t\t        <a href=\"https:\/\/www.ekonomiforetag.se\/sv\/2025\/05\/12\/massan-ar-en-temperaturmatare-pa-branschens-puls\/\" class=\"elementor-post__excerpt\">\n            <p>&#8221;M\u00e4ssan \u00e4r en temperaturm\u00e4tare p\u00e5 branschens puls&#8221; Vi pratar med Kristina Lagerstedt fr\u00e5n Wolters Kluwer om varf\u00f6r de \u00e5terv\u00e4nder till Ekonomi &amp; F\u00f6retag \u2013 \u00e5r<\/p>\n        <\/a>\n        \n\t\t<a class=\"elementor-post__read-more\" href=\"https:\/\/www.ekonomiforetag.se\/sv\/2025\/05\/12\/massan-ar-en-temperaturmatare-pa-branschens-puls\/\" aria-label=\"Read more about &#8221;M\u00e4ssan \u00e4r en temperaturm\u00e4tare p\u00e5 branschens puls&#8221;\" tabindex=\"-1\" >\n\t\t\tL\u00e4s mer \u00bb\t\t<\/a>\n\n\t\t        <div class=\"elementor-post__meta-data\">\n            \t\t<span class=\"elementor-post-date\">\n\t\t\tmaj 12, 2025\t\t<\/span>\n\t\t        <\/div>\n        \t\t<\/div>\n\t\t\t\t\t<\/div>\n\t\t<\/article>\n\t\t\t\t<\/div>\n\t\t\n\t\t\t\t<div class=\"e-load-more-anchor\" data-page=\"1\" data-max-page=\"5\" data-next-page=\"https:\/\/www.ekonomiforetag.se\/sv\/wp-json\/wp\/v2\/pages\/172\/page\/2\/\"><\/div>\n\t\t\t\t<nav class=\"elementor-pagination\" aria-label=\"Pagination\">\n\t\t\t<span class=\"page-numbers prev\">&laquo; F\u00f6reg\u00e5ende<\/span>\n<span aria-current=\"page\" class=\"page-numbers current\"><span class=\"elementor-screen-only\">Page<\/span>1<\/span>\n<a class=\"page-numbers\" href=\"https:\/\/www.ekonomiforetag.se\/sv\/wp-json\/wp\/v2\/pages\/172\/page\/2\/\"><span class=\"elementor-screen-only\">Page<\/span>2<\/a>\n<a class=\"page-numbers\" href=\"https:\/\/www.ekonomiforetag.se\/sv\/wp-json\/wp\/v2\/pages\/172\/page\/3\/\"><span class=\"elementor-screen-only\">Page<\/span>3<\/a>\n<a class=\"page-numbers\" href=\"https:\/\/www.ekonomiforetag.se\/sv\/wp-json\/wp\/v2\/pages\/172\/page\/4\/\"><span class=\"elementor-screen-only\">Page<\/span>4<\/a>\n<a class=\"page-numbers\" href=\"https:\/\/www.ekonomiforetag.se\/sv\/wp-json\/wp\/v2\/pages\/172\/page\/5\/\"><span class=\"elementor-screen-only\">Page<\/span>5<\/a>\n<a class=\"page-numbers next\" href=\"https:\/\/www.ekonomiforetag.se\/sv\/wp-json\/wp\/v2\/pages\/172\/page\/2\/\">N\u00e4sta &raquo;<\/a>\t\t<\/nav>\n\t\t\t\t\t\t<\/div>\n\t\t\t\t<\/div>\n\t\t\t\t\t<\/div>\n\t\t<\/div>\n\t\t\t\t\t<\/div>\n\t\t<\/section>\n\t\t\t\t<\/div>\n\t\t","protected":false},"excerpt":{"rendered":"","protected":false},"author":16,"featured_media":19727,"parent":0,"menu_order":0,"comment_status":"closed","ping_status":"closed","template":"","meta":{"_seopress_robots_primary_cat":"","_seopress_titles_title":"Blogg | Ekonomi &amp; F\u00f6retag","_seopress_titles_desc":"Nyheter, inspiration och kunskapsh\u00f6jande blogginl\u00e4gg fr\u00e5n utst\u00e4llare, talare och g\u00e4stskribenter f\u00f6r m\u00e4ssan Ekonomi &amp; F\u00f6retag.","_seopress_robots_index":"","footnotes":""},"class_list":["post-172","page","type-page","status-publish","has-post-thumbnail","hentry"],"_links":{"self":[{"href":"https:\/\/www.ekonomiforetag.se\/sv\/wp-json\/wp\/v2\/pages\/172","targetHints":{"allow":["GET"]}}],"collection":[{"href":"https:\/\/www.ekonomiforetag.se\/sv\/wp-json\/wp\/v2\/pages"}],"about":[{"href":"https:\/\/www.ekonomiforetag.se\/sv\/wp-json\/wp\/v2\/types\/page"}],"author":[{"embeddable":true,"href":"https:\/\/www.ekonomiforetag.se\/sv\/wp-json\/wp\/v2\/users\/16"}],"replies":[{"embeddable":true,"href":"https:\/\/www.ekonomiforetag.se\/sv\/wp-json\/wp\/v2\/comments?post=172"}],"version-history":[{"count":5,"href":"https:\/\/www.ekonomiforetag.se\/sv\/wp-json\/wp\/v2\/pages\/172\/revisions"}],"predecessor-version":[{"id":19598,"href":"https:\/\/www.ekonomiforetag.se\/sv\/wp-json\/wp\/v2\/pages\/172\/revisions\/19598"}],"wp:featuredmedia":[{"embeddable":true,"href":"https:\/\/www.ekonomiforetag.se\/sv\/wp-json\/wp\/v2\/media\/19727"}],"wp:attachment":[{"href":"https:\/\/www.ekonomiforetag.se\/sv\/wp-json\/wp\/v2\/media?parent=172"}],"curies":[{"name":"wp","href":"https:\/\/api.w.org\/{rel}","templated":true}]}}